{"id":9633,"date":"2018-04-13T08:24:54","date_gmt":"2018-04-13T06:24:54","guid":{"rendered":"http:\/\/www.sangamiso.fr\/shop\/?post_type=product&#038;p=9633"},"modified":"2026-03-31T15:26:46","modified_gmt":"2026-03-31T13:26:46","slug":"mame-mugi-koji","status":"publish","type":"product","link":"https:\/\/www.sangamiso.fr\/shop\/produit\/mame-mugi-koji\/","title":{"rendered":"Daizu Mugi Koji, ou Koji de soja et d&rsquo;avoine pour fabrication de Shoyu"},"content":{"rendered":"<h6>Ingr\u00e9dients :<\/h6>\n<ul>\n<li><strong>Soja<\/strong> de Touraine issu de l&rsquo;agriculture biologique,<\/li>\n<li><strong>avoine<\/strong> issu de l&rsquo;agriculture biologique,<\/li>\n<li>Aspergillus sojae sans OGM.<\/li>\n<\/ul>\n<h6>Allerg\u00e8nes :<\/h6>\n<p> soja, orge ou avoine, peut contenir des traces \u00e9ventuelle de fruit \u00e0 coques et s\u00e9same<\/p>\n<h6>Poids :<\/h6>\n<p>500g en sac alimentaire PA\/PE<\/p>\n<h6>DDM :<\/h6>\n<p> 1 mois avant et apr\u00e8s ouverture<\/p>\n<h6>Conservation :<\/h6>\n<p>4\u2103 au r\u00e9frig\u00e9rateur avant et apr\u00e8s ouverture<\/p>\n<h6>Exp\u00e9dition :<\/h6>\n<p>des lundis en <strong>mars<\/strong><\/p>\n<h6>Fabrication :<\/h6>\n<p><strong>Irr\u00e9gulier en mars<\/strong><\/p>\n","protected":false},"excerpt":{"rendered":"<p>1kg<br \/>\n\u91a4\u6cb9\u7528\u8c46\u9ea6\u9eb9 <\/p>\n<p>Un koji pr\u00eat pour la fabrication du votre propre Shoyu!<\/p>\n","protected":false},"featured_media":10469,"comment_status":"open","ping_status":"closed","template":"","meta":[],"product_cat":[209],"product_tag":[],"class_list":{"0":"post-9633","1":"product","2":"type-product","3":"status-publish","4":"has-post-thumbnail","6":"product_cat-koji","8":"first","9":"instock","10":"taxable","11":"shipping-taxable","12":"purchasable","13":"product-type-simple"},"_links":{"self":[{"href":"https:\/\/www.sangamiso.fr\/shop\/wp-json\/wp\/v2\/product\/9633"}],"collection":[{"href":"https:\/\/www.sangamiso.fr\/shop\/wp-json\/wp\/v2\/product"}],"about":[{"href":"https:\/\/www.sangamiso.fr\/shop\/wp-json\/wp\/v2\/types\/product"}],"replies":[{"embeddable":true,"href":"https:\/\/www.sangamiso.fr\/shop\/wp-json\/wp\/v2\/comments?post=9633"}],"wp:featuredmedia":[{"embeddable":true,"href":"https:\/\/www.sangamiso.fr\/shop\/wp-json\/wp\/v2\/media\/10469"}],"wp:attachment":[{"href":"https:\/\/www.sangamiso.fr\/shop\/wp-json\/wp\/v2\/media?parent=9633"}],"wp:term":[{"taxonomy":"product_cat","embeddable":true,"href":"https:\/\/www.sangamiso.fr\/shop\/wp-json\/wp\/v2\/product_cat?post=9633"},{"taxonomy":"product_tag","embeddable":true,"href":"https:\/\/www.sangamiso.fr\/shop\/wp-json\/wp\/v2\/product_tag?post=9633"}],"curies":[{"name":"wp","href":"https:\/\/api.w.org\/{rel}","templated":true}]}}