{"id":9478,"date":"2018-03-02T22:44:44","date_gmt":"2018-03-02T21:44:44","guid":{"rendered":"http:\/\/www.sangamiso.fr\/shop\/?post_type=product&#038;p=9478"},"modified":"2026-04-10T21:07:30","modified_gmt":"2026-04-10T19:07:30","slug":"mugi-cha","status":"publish","type":"product","link":"https:\/\/www.sangamiso.fr\/shop\/produit\/mugi-cha\/","title":{"rendered":"AZUKI-tcha, ou Tisane de haricots rouges torr\u00e9fi\u00e9"},"content":{"rendered":"<h6>Utilisation :<\/h6>\n<p>1. Placez 1 cuill\u00e8re \u00e0 soupe de haricots rouges r\u00f4tis et l&rsquo;eau 200cc dans une casserole ou une bouilloire et faites chauffer. Une fois l&rsquo;\u00e9bullition termin\u00e9e, r\u00e9duisez le feu \u00e0 doux et laissez mijoter pendant 10 minutes.<br \/>\n2. \u00c9teignez le feu et laissez cuire \u00e0 la vapeur pendant environ 10 \u00e0 15 minutes. \u00c9gouttez les haricots rouges si vous le souhaitez.<br \/>\nou<br \/>\n\u30fbVersez les haricots rouges r\u00f4tis et 200 cc d&rsquo;eau bouillante dans une bouteille d&rsquo;eau qui peut \u00eatre maintenue au chaud et couverte. Attendez environ 1 heure<\/p>\n<h6>Composition :<\/h6>\n<p> Azuki issu de l\u2019agriculture biologique<\/p>\n<h6>Poids :<\/h6>\n<p>\u00a0125 g<\/p>\n<h6>DDM :<\/h6>\n<p>\u00a06 mois<\/p>\n<h6>Allerg\u00e8nes :<\/h6>\n<p> peut contenir des traces \u00e9ventuelle de sarrasin.<\/strong><\/p>\n<h6>Emballage :<\/h6>\n<p> sac en papier<\/p>\n<h6>Exp\u00e9dition :<\/h6>\n<p>\u00a0tous les\u00a0lundis<\/p>\n","protected":false},"excerpt":{"rendered":"<p>150g<br \/>\n\u5c0f\u8c46\u8336<br \/>\nLes haricots Azuki contiennent un composant appel\u00e9 saponine, et cette saponine fait des merveilles. Il a la capacit\u00e9 de fluidifier la circulation sanguine. Il contient deux fois plus de potassium qu&rsquo;un avocat.<br \/>\nLa saponine a un effet diur\u00e9tique et le potassium a pour fonction d&rsquo;\u00e9liminer l&rsquo;exc\u00e8s d&rsquo;eau et de sel du corps. On dit qu\u2019il soulage les gonflements.<\/p>\n","protected":false},"featured_media":17816,"comment_status":"open","ping_status":"closed","template":"","meta":[],"product_cat":[211],"product_tag":[],"class_list":{"0":"post-9478","1":"product","2":"type-product","3":"status-publish","4":"has-post-thumbnail","6":"product_cat-tisane","8":"first","9":"instock","10":"sale","11":"taxable","12":"shipping-taxable","13":"purchasable","14":"product-type-simple"},"_links":{"self":[{"href":"https:\/\/www.sangamiso.fr\/shop\/wp-json\/wp\/v2\/product\/9478"}],"collection":[{"href":"https:\/\/www.sangamiso.fr\/shop\/wp-json\/wp\/v2\/product"}],"about":[{"href":"https:\/\/www.sangamiso.fr\/shop\/wp-json\/wp\/v2\/types\/product"}],"replies":[{"embeddable":true,"href":"https:\/\/www.sangamiso.fr\/shop\/wp-json\/wp\/v2\/comments?post=9478"}],"wp:featuredmedia":[{"embeddable":true,"href":"https:\/\/www.sangamiso.fr\/shop\/wp-json\/wp\/v2\/media\/17816"}],"wp:attachment":[{"href":"https:\/\/www.sangamiso.fr\/shop\/wp-json\/wp\/v2\/media?parent=9478"}],"wp:term":[{"taxonomy":"product_cat","embeddable":true,"href":"https:\/\/www.sangamiso.fr\/shop\/wp-json\/wp\/v2\/product_cat?post=9478"},{"taxonomy":"product_tag","embeddable":true,"href":"https:\/\/www.sangamiso.fr\/shop\/wp-json\/wp\/v2\/product_tag?post=9478"}],"curies":[{"name":"wp","href":"https:\/\/api.w.org\/{rel}","templated":true}]}}