{"id":9202,"date":"2017-12-20T09:34:07","date_gmt":"2017-12-20T08:34:07","guid":{"rendered":"http:\/\/www.sangamiso.fr\/shop\/?post_type=product&#038;p=9202"},"modified":"2025-01-20T14:58:09","modified_gmt":"2025-01-20T13:58:09","slug":"mame-koji","status":"publish","type":"product","link":"https:\/\/www.sangamiso.fr\/shop\/produit\/mame-koji\/","title":{"rendered":"Mam\u00e9 koji, ou Koji de soja"},"content":{"rendered":"<h6>Ingr\u00e9dient :<\/h6>\n<ul>\n<li><strong>soja<\/strong> de Touraine (France) issu de l&rsquo;agriculture biologique,<\/li>\n<li>Aspergillus sojae sans OGM.<\/li>\n<\/ul>\n<h6>Allerg\u00e8nes :<\/h6>\n<p> soja, peut contenir des traces \u00e9ventuelle de gluten, fruit \u00e0 coques et s\u00e9same<\/p>\n<h6>Poids :<\/h6>\n<p>1kg en sac alimentaire PA\/PE<\/p>\n<h6>DDM :<\/h6>\n<p> 1 mois avant et apr\u00e8s ouverture<\/p>\n<h6>Conservation :<\/h6>\n<p>4\u2103 au r\u00e9frig\u00e9rateur avant et apr\u00e8s ouverture<\/p>\n","protected":false},"excerpt":{"rendered":"<p>1kg<br \/>\n\u8c46\u9eb9<br \/>\nCe koji est utilis\u00e9 pour la fabrication du mam\u00e9-miso ou du tamari-shoyu.<\/p>\n","protected":false},"featured_media":9286,"comment_status":"open","ping_status":"closed","template":"","meta":[],"product_cat":[209],"product_tag":[],"class_list":{"0":"post-9202","1":"product","2":"type-product","3":"status-publish","4":"has-post-thumbnail","6":"product_cat-koji","8":"first","9":"outofstock","10":"taxable","11":"shipping-taxable","12":"purchasable","13":"product-type-simple"},"_links":{"self":[{"href":"https:\/\/www.sangamiso.fr\/shop\/wp-json\/wp\/v2\/product\/9202"}],"collection":[{"href":"https:\/\/www.sangamiso.fr\/shop\/wp-json\/wp\/v2\/product"}],"about":[{"href":"https:\/\/www.sangamiso.fr\/shop\/wp-json\/wp\/v2\/types\/product"}],"replies":[{"embeddable":true,"href":"https:\/\/www.sangamiso.fr\/shop\/wp-json\/wp\/v2\/comments?post=9202"}],"wp:featuredmedia":[{"embeddable":true,"href":"https:\/\/www.sangamiso.fr\/shop\/wp-json\/wp\/v2\/media\/9286"}],"wp:attachment":[{"href":"https:\/\/www.sangamiso.fr\/shop\/wp-json\/wp\/v2\/media?parent=9202"}],"wp:term":[{"taxonomy":"product_cat","embeddable":true,"href":"https:\/\/www.sangamiso.fr\/shop\/wp-json\/wp\/v2\/product_cat?post=9202"},{"taxonomy":"product_tag","embeddable":true,"href":"https:\/\/www.sangamiso.fr\/shop\/wp-json\/wp\/v2\/product_tag?post=9202"}],"curies":[{"name":"wp","href":"https:\/\/api.w.org\/{rel}","templated":true}]}}