{"id":9160,"date":"2017-12-13T23:05:36","date_gmt":"2017-12-13T22:05:36","guid":{"rendered":"http:\/\/www.sangamiso.fr\/shop\/?post_type=product&#038;p=9160"},"modified":"2026-03-07T21:23:19","modified_gmt":"2026-03-07T20:23:19","slug":"hiyoko-miso","status":"publish","type":"product","link":"https:\/\/www.sangamiso.fr\/shop\/produit\/hiyoko-miso\/","title":{"rendered":"Hiyoko-Miso, ou Miso de pois chiches"},"content":{"rendered":"<h6>Ingr\u00e9dients :<\/h6>\n<ul>\n<li>Pois chiches de France issu de l&rsquo;agriculture biologique,<\/li>\n<li>Riz de Camargue issu de l&rsquo;agriculture biologique,<\/li>\n<li>sel non raffin\u00e9 de Gu\u00e9rande,<\/li>\n<li>Aspergillus oryzae sans OGM<\/li>\n<\/ul>\n<h6>Allerg\u00e8nes :<\/h6>\n<p>peut contenir des traces \u00e9ventuelle de fruit \u00e0 coques et de s\u00e9same<\/p>\n<h6>Poids :<\/h6>\n<p> 500g en sac alimentaire PA\/PE<\/p>\n<h6>DDM :<\/h6>\n<p> 6 mois avant et apr\u00e8s ouverture<\/p>\n<h6>Conservation :<\/h6>\n<p> 4\u2103 au r\u00e9frig\u00e9rateur avant et apr\u00e8s ouverture<\/p>\n<h6>Exp\u00e9dition :<\/h6>\n<p>Tous les lundis de d\u00e9but de octobre \u00e0 fin avril<\/p>\n","protected":false},"excerpt":{"rendered":"<p>500g<br \/>\n\u3072\u3088\u3053\u5473\u564c<br \/>\nAvec un go\u00fbt proche du miso doux, l\u00e9ger mais pas trop sucr\u00e9, il est parfait pour ceux qui ne peuvent profiter des misos \u00e0 base de soja sans pour autant faire de concession sur la qualit\u00e9.<br \/>\nNon-pasteuris\u00e9<\/p>\n","protected":false},"featured_media":9221,"comment_status":"open","ping_status":"closed","template":"","meta":[],"product_cat":[207],"product_tag":[],"class_list":{"0":"post-9160","1":"product","2":"type-product","3":"status-publish","4":"has-post-thumbnail","6":"product_cat-miso","8":"first","9":"instock","10":"sale","11":"taxable","12":"shipping-taxable","13":"purchasable","14":"product-type-variable"},"_links":{"self":[{"href":"https:\/\/www.sangamiso.fr\/shop\/wp-json\/wp\/v2\/product\/9160"}],"collection":[{"href":"https:\/\/www.sangamiso.fr\/shop\/wp-json\/wp\/v2\/product"}],"about":[{"href":"https:\/\/www.sangamiso.fr\/shop\/wp-json\/wp\/v2\/types\/product"}],"replies":[{"embeddable":true,"href":"https:\/\/www.sangamiso.fr\/shop\/wp-json\/wp\/v2\/comments?post=9160"}],"wp:featuredmedia":[{"embeddable":true,"href":"https:\/\/www.sangamiso.fr\/shop\/wp-json\/wp\/v2\/media\/9221"}],"wp:attachment":[{"href":"https:\/\/www.sangamiso.fr\/shop\/wp-json\/wp\/v2\/media?parent=9160"}],"wp:term":[{"taxonomy":"product_cat","embeddable":true,"href":"https:\/\/www.sangamiso.fr\/shop\/wp-json\/wp\/v2\/product_cat?post=9160"},{"taxonomy":"product_tag","embeddable":true,"href":"https:\/\/www.sangamiso.fr\/shop\/wp-json\/wp\/v2\/product_tag?post=9160"}],"curies":[{"name":"wp","href":"https:\/\/api.w.org\/{rel}","templated":true}]}}