{"id":9010,"date":"2017-11-30T15:49:34","date_gmt":"2017-11-30T14:49:34","guid":{"rendered":"http:\/\/www.sangamiso.fr\/shop\/?post_type=product&#038;p=9010"},"modified":"2025-09-02T10:47:40","modified_gmt":"2025-09-02T08:47:40","slug":"extrait","status":"publish","type":"product","link":"https:\/\/www.sangamiso.fr\/shop\/produit\/extrait\/","title":{"rendered":"Tamari +2 an d&rsquo;\u00e2ge, ou Sauce soja extrait de miso rouge"},"content":{"rendered":"<h6>Ingr\u00e9dients :<\/h6>\n<ul>\n<li><strong>soja<\/strong> de Touraine issu de l&rsquo;agriculture biologique,<\/li>\n<li>riz de Camargue issu de l&rsquo;agriculture biologique,<\/li>\n<li>sel non raffin\u00e9 de Gu\u00e9rande certifi\u00e9 Nature&#038;Progr\u00e8s,<\/li>\n<li>Aspergillus oryzae.<\/li>\n<\/ul>\n<h6>Allerg\u00e8nes :<\/h6>\n<p> soja, peut contenir des traces \u00e9ventuelle de gluten, fruit \u00e0 coques et de s\u00e9same<\/p>\n<h6>Contenance :<\/h6>\n<p> 250ml en bouteille en verre<\/p>\n<h6>DDM :<\/h6>\n<p> 6 mois avant et apr\u00e8s ouverture<\/p>\n<h6>Conservation :<\/h6>\n<p> 4\u2103 au r\u00e9frig\u00e9rateur avant et apr\u00e8s ouverture<\/p>\n","protected":false},"excerpt":{"rendered":"<p>250ml<br \/>\n\u8d64\u5473\u564c\u306e\u6fc3\u539a\u305f\u307e\u308a\u751f\u91a4\u6cb9<br \/>\nLa sauce tamari ressemble \u00e0 la sauce soja mais est plus \u00e9paisse et la saveur UMAMI est plus concentr\u00e9e et sucr\u00e9e.<br \/>\nLe \u00ab\u00a0Tamari-Shoyu\u00a0\u00bb v\u00e9ritable est extrait de la fabrication du miso. Cette sauce est le r\u00e9sultat d&rsquo;une fermentation 100% naturelle et longue de plusieurs mois, selon une recette traditionnelle, ce qui lui conf\u00e8re un go\u00fbt incomparable par rapport aux autres sauces tamari du commerce. Elle n&rsquo;a pas \u00e9t\u00e9 pasteuris\u00e9e et aucune eau sal\u00e9e n&rsquo;a \u00e9t\u00e9 ajout\u00e9e : ses composants riches ont donc \u00e9t\u00e9 pr\u00e9serv\u00e9s.<br \/>\nCet \u00ab\u00a0extrait\u00a0\u00bb de miso est unique par son go\u00fbt car est extrait \u00e0 partir de misos diff\u00e9rents et rare car l&rsquo;extraction donne environ 50ml pour 10kg de miso.<\/p>\n","protected":false},"featured_media":13380,"comment_status":"open","ping_status":"closed","template":"","meta":[],"product_cat":[210],"product_tag":[],"class_list":{"0":"post-9010","1":"product","2":"type-product","3":"status-publish","4":"has-post-thumbnail","6":"product_cat-shoyu","8":"first","9":"instock","10":"taxable","11":"shipping-taxable","12":"purchasable","13":"product-type-variable"},"_links":{"self":[{"href":"https:\/\/www.sangamiso.fr\/shop\/wp-json\/wp\/v2\/product\/9010"}],"collection":[{"href":"https:\/\/www.sangamiso.fr\/shop\/wp-json\/wp\/v2\/product"}],"about":[{"href":"https:\/\/www.sangamiso.fr\/shop\/wp-json\/wp\/v2\/types\/product"}],"replies":[{"embeddable":true,"href":"https:\/\/www.sangamiso.fr\/shop\/wp-json\/wp\/v2\/comments?post=9010"}],"wp:featuredmedia":[{"embeddable":true,"href":"https:\/\/www.sangamiso.fr\/shop\/wp-json\/wp\/v2\/media\/13380"}],"wp:attachment":[{"href":"https:\/\/www.sangamiso.fr\/shop\/wp-json\/wp\/v2\/media?parent=9010"}],"wp:term":[{"taxonomy":"product_cat","embeddable":true,"href":"https:\/\/www.sangamiso.fr\/shop\/wp-json\/wp\/v2\/product_cat?post=9010"},{"taxonomy":"product_tag","embeddable":true,"href":"https:\/\/www.sangamiso.fr\/shop\/wp-json\/wp\/v2\/product_tag?post=9010"}],"curies":[{"name":"wp","href":"https:\/\/api.w.org\/{rel}","templated":true}]}}