{"id":9002,"date":"2017-11-29T23:27:56","date_gmt":"2017-11-29T22:27:56","guid":{"rendered":"http:\/\/www.sangamiso.fr\/shop\/?post_type=product&#038;p=9002"},"modified":"2026-03-20T11:24:41","modified_gmt":"2026-03-20T10:24:41","slug":"genmai-miso","status":"publish","type":"product","link":"https:\/\/www.sangamiso.fr\/shop\/produit\/genmai-miso\/","title":{"rendered":"Genmai-Miso, ou Miso de riz complet"},"content":{"rendered":"<h6>Ingr\u00e9dients :<\/h6>\n<ul>\n<li><strong>Soja<\/strong> de Touraine issu de l&rsquo;agriculture biologique,<\/li>\n<li>Riz complet de Camargue issu de l&rsquo;agriculture biologique,<\/li>\n<li>Sel non raffin\u00e9 de Gu\u00e9rande,<\/li>\n<li>Aspergillus oryzae sans OGM.<\/li>\n<\/ul>\n<h6>Allerg\u00e8nes :<\/h6>\n<p>soja, peut contenir des traces \u00e9ventuelles de gluten, fruit \u00e0 coques et de s\u00e9same.<\/p>\n<h6>Fermentation :<\/h6>\n<p>naturelle, de plus de 6 mois, Non-pasteuris\u00e9<\/p>\n<h6>Poids :<\/h6>\n<p>500g en sac alimentaire PA\/PE<\/p>\n<h6>DDM :<\/h6>\n<p>6 mois avant et apr\u00e8s ouverture<\/p>\n<h6>Conservation :<\/h6>\n<p>4\u2103 au r\u00e9frig\u00e9rateur avant et apr\u00e8s ouverture<\/p>\n<h6>Exp\u00e9dition :<\/h6>\n<p>Tous les lundis de d\u00e9but octobre \u00e0 fin avril<\/p>\n","protected":false},"excerpt":{"rendered":"<p>500g<br \/>\n\u7384\u7c73\u5473\u564c<br \/>\nL&rsquo;utilisation de riz complet dans ce miso permet de garder toutes les qualit\u00e9s nutritionnelles : vitamines, min\u00e9raux, fibres. Non-Pasteuris\u00e9<\/p>\n","protected":false},"featured_media":9225,"comment_status":"open","ping_status":"closed","template":"","meta":[],"product_cat":[207],"product_tag":[],"class_list":{"0":"post-9002","1":"product","2":"type-product","3":"status-publish","4":"has-post-thumbnail","6":"product_cat-miso","8":"first","9":"instock","10":"sale","11":"taxable","12":"shipping-taxable","13":"purchasable","14":"product-type-variable"},"_links":{"self":[{"href":"https:\/\/www.sangamiso.fr\/shop\/wp-json\/wp\/v2\/product\/9002"}],"collection":[{"href":"https:\/\/www.sangamiso.fr\/shop\/wp-json\/wp\/v2\/product"}],"about":[{"href":"https:\/\/www.sangamiso.fr\/shop\/wp-json\/wp\/v2\/types\/product"}],"replies":[{"embeddable":true,"href":"https:\/\/www.sangamiso.fr\/shop\/wp-json\/wp\/v2\/comments?post=9002"}],"wp:featuredmedia":[{"embeddable":true,"href":"https:\/\/www.sangamiso.fr\/shop\/wp-json\/wp\/v2\/media\/9225"}],"wp:attachment":[{"href":"https:\/\/www.sangamiso.fr\/shop\/wp-json\/wp\/v2\/media?parent=9002"}],"wp:term":[{"taxonomy":"product_cat","embeddable":true,"href":"https:\/\/www.sangamiso.fr\/shop\/wp-json\/wp\/v2\/product_cat?post=9002"},{"taxonomy":"product_tag","embeddable":true,"href":"https:\/\/www.sangamiso.fr\/shop\/wp-json\/wp\/v2\/product_tag?post=9002"}],"curies":[{"name":"wp","href":"https:\/\/api.w.org\/{rel}","templated":true}]}}