{"id":12059,"date":"2020-05-13T20:11:48","date_gmt":"2020-05-13T18:11:48","guid":{"rendered":"https:\/\/www.sangamiso.fr\/shop\/?post_type=product&#038;p=12059"},"modified":"2026-04-10T21:07:30","modified_gmt":"2026-04-10T19:07:30","slug":"daizu-cha","status":"publish","type":"product","link":"https:\/\/www.sangamiso.fr\/shop\/produit\/daizu-cha\/","title":{"rendered":"Daizu-cha, ou Tisane de soja torr\u00e9fi\u00e9"},"content":{"rendered":"<h6>Utilisation :<\/h6>\n<p>Versez 250ml d&rsquo;eau bouillante sur le 2 \u00e0 3 cuill\u00e8res \u00e0 caf\u00e9 de tisane et laissez infuser 3 \u00e0 4 minutes.<\/p>\n<h6>Composition :<\/h6>\n<p> <strong>soja<\/strong> issu de l\u2019agriculture biologique<\/p>\n<h6>Poids :<\/h6>\n<p>\u00a0125 g<\/p>\n<h6>DDM :<\/h6>\n<p>\u00a06 mois<\/p>\n<h6>Allerg\u00e8nes :<\/h6>\n<p> soja, peut contenir des traces \u00e9ventuelle de sarrasin.<\/strong><\/p>\n<h6>Emballage :<\/h6>\n<p> sac en papier<\/p>\n","protected":false},"excerpt":{"rendered":"<p>150g<br \/>\n\u5927\u8c46\u8336<br \/>\nLe t\u00e9gument (peau) de la graine de soja contient un pigment naturel \u00ab\u00a0anthocyane\u00a0\u00bb, riche en polyph\u00e9nols.<br \/>\nLes anthocyanes ont un r\u00f4le important d&rsquo;antioxydant qui aident \u00e0 pr\u00e9venir le vieillissement ainsi qu&rsquo;\u00e0 se prot\u00e9ger de cancers et des maladies cardiovasculaires. L&rsquo;anthocyane de soja (haricot noir) se dissout facilement dans l&rsquo;eau et r\u00e9siste bien \u00e0 la chaleur, ce qui fait de cette tisane un bienfait pour la sant\u00e9. <\/p>\n","protected":false},"featured_media":12061,"comment_status":"open","ping_status":"closed","template":"","meta":[],"product_cat":[211],"product_tag":[],"class_list":{"0":"post-12059","1":"product","2":"type-product","3":"status-publish","4":"has-post-thumbnail","6":"product_cat-tisane","8":"first","9":"instock","10":"sale","11":"taxable","12":"shipping-taxable","13":"purchasable","14":"product-type-simple"},"_links":{"self":[{"href":"https:\/\/www.sangamiso.fr\/shop\/wp-json\/wp\/v2\/product\/12059"}],"collection":[{"href":"https:\/\/www.sangamiso.fr\/shop\/wp-json\/wp\/v2\/product"}],"about":[{"href":"https:\/\/www.sangamiso.fr\/shop\/wp-json\/wp\/v2\/types\/product"}],"replies":[{"embeddable":true,"href":"https:\/\/www.sangamiso.fr\/shop\/wp-json\/wp\/v2\/comments?post=12059"}],"wp:featuredmedia":[{"embeddable":true,"href":"https:\/\/www.sangamiso.fr\/shop\/wp-json\/wp\/v2\/media\/12061"}],"wp:attachment":[{"href":"https:\/\/www.sangamiso.fr\/shop\/wp-json\/wp\/v2\/media?parent=12059"}],"wp:term":[{"taxonomy":"product_cat","embeddable":true,"href":"https:\/\/www.sangamiso.fr\/shop\/wp-json\/wp\/v2\/product_cat?post=12059"},{"taxonomy":"product_tag","embeddable":true,"href":"https:\/\/www.sangamiso.fr\/shop\/wp-json\/wp\/v2\/product_tag?post=12059"}],"curies":[{"name":"wp","href":"https:\/\/api.w.org\/{rel}","templated":true}]}}