{"id":10873,"date":"2019-09-12T01:04:07","date_gmt":"2019-09-11T23:04:07","guid":{"rendered":"https:\/\/www.sangamiso.fr\/shop\/?post_type=product&#038;p=10873"},"modified":"2026-03-13T15:45:02","modified_gmt":"2026-03-13T14:45:02","slug":"atelier-shoyu","status":"publish","type":"product","link":"https:\/\/www.sangamiso.fr\/shop\/produit\/atelier-shoyu\/","title":{"rendered":"Atelier de pr\u00e9paration du Shoyu"},"content":{"rendered":"","protected":false},"excerpt":{"rendered":"<p>La fabrication de la sauce soja n&rsquo;aura plus de secrets pour vous gr\u00e2ce \u00e0 cet atelier ! Contactez-nous par mail.<\/p>\n<p>Les ateliers \u00e0 venir:<br \/>\nle jeudi 26 mars 2026<br \/>\n&#8211; de 10h \u00e0 12h : brassage du shoyu, d\u00e9gustation, pr\u00e9sentation<br \/>\n&#8211; d\u00e9jeuner pique-nique<br \/>\n&#8211; de 13h \u00e0 14h : pr\u00e9paration de Shoyu-koji<br \/>\n*un sachet 5mL d&rsquo;aspergillus de koji offert<\/p>\n","protected":false},"featured_media":10874,"comment_status":"open","ping_status":"closed","template":"","meta":[],"product_cat":[215],"product_tag":[],"class_list":{"0":"post-10873","1":"product","2":"type-product","3":"status-publish","4":"has-post-thumbnail","6":"product_cat-ateliers","8":"first","9":"outofstock","10":"taxable","11":"shipping-taxable","12":"purchasable","13":"product-type-simple"},"_links":{"self":[{"href":"https:\/\/www.sangamiso.fr\/shop\/wp-json\/wp\/v2\/product\/10873"}],"collection":[{"href":"https:\/\/www.sangamiso.fr\/shop\/wp-json\/wp\/v2\/product"}],"about":[{"href":"https:\/\/www.sangamiso.fr\/shop\/wp-json\/wp\/v2\/types\/product"}],"replies":[{"embeddable":true,"href":"https:\/\/www.sangamiso.fr\/shop\/wp-json\/wp\/v2\/comments?post=10873"}],"wp:featuredmedia":[{"embeddable":true,"href":"https:\/\/www.sangamiso.fr\/shop\/wp-json\/wp\/v2\/media\/10874"}],"wp:attachment":[{"href":"https:\/\/www.sangamiso.fr\/shop\/wp-json\/wp\/v2\/media?parent=10873"}],"wp:term":[{"taxonomy":"product_cat","embeddable":true,"href":"https:\/\/www.sangamiso.fr\/shop\/wp-json\/wp\/v2\/product_cat?post=10873"},{"taxonomy":"product_tag","embeddable":true,"href":"https:\/\/www.sangamiso.fr\/shop\/wp-json\/wp\/v2\/product_tag?post=10873"}],"curies":[{"name":"wp","href":"https:\/\/api.w.org\/{rel}","templated":true}]}}